{"id":1328,"date":"2016-08-11T15:29:36","date_gmt":"2016-08-11T15:29:36","guid":{"rendered":"http:\/\/samorka.tf.loftfar.is\/en\/?page_id=1328"},"modified":"2016-08-16T10:54:36","modified_gmt":"2016-08-16T10:54:36","slug":"wastewater","status":"publish","type":"page","link":"https:\/\/samorka.tf.loftfar.is\/en\/wastewater\/","title":{"rendered":"Wastewater"},"content":{"rendered":"<p>[vc_row][vc_column width=&#8221;1\/2&#8243;][vc_column_text]Icelandic district heating utilities, electricity distribution system operators and waterworks are almost all in public ownership except for HS Veitur which is partly (minority) owned by private parties.<\/p>\n<p>All sewage utilities are in public ownership.[\/vc_column_text][\/vc_column][vc_column width=&#8221;1\/2&#8243;][vc_column_text]Most utilities are in municipality ownership and serve one or more municipalities, but some are in state ownership (RARIK-Iceland State Electricity and and the Westfjord Power Company).[\/vc_column_text][\/vc_column][\/vc_row]<\/p>\n","protected":false},"excerpt":{"rendered":"<p>[vc_row][vc_column width=&#8221;1\/2&#8243;][vc_column_text]Icelandic district heating utilities, electricity distribution system operators and waterworks are almost all in public ownership except for HS Veitur which is partly (minority) owned by private parties. All sewage utilities are in public ownership.[\/vc_column_text][\/vc_column][vc_column width=&#8221;1\/2&#8243;][vc_column_text]Most utilities are in municipality ownership and serve one or more municipalities, but some are in state ownership (RARIK-Iceland [&hellip;]<\/p>\n","protected":false},"author":2,"featured_media":0,"parent":0,"menu_order":0,"comment_status":"closed","ping_status":"closed","template":"template-with-video.php","meta":{"_monsterinsights_skip_tracking":false,"_monsterinsights_sitenote_active":false,"_monsterinsights_sitenote_note":"","_monsterinsights_sitenote_category":0},"categories":[],"tags":[],"yoast_head":"<!-- This site is optimized with the Yoast SEO plugin v17.2 - https:\/\/yoast.com\/wordpress\/plugins\/seo\/ -->\n<title>Wastewater - Samorka<\/title>\n<meta name=\"robots\" content=\"index, follow, max-snippet:-1, max-image-preview:large, max-video-preview:-1\" \/>\n<link rel=\"canonical\" href=\"https:\/\/samorka.tf.loftfar.is\/en\/wastewater\/\" \/>\n<meta property=\"og:locale\" content=\"en_US\" \/>\n<meta property=\"og:type\" content=\"article\" \/>\n<meta property=\"og:title\" content=\"Wastewater - Samorka\" \/>\n<meta property=\"og:description\" content=\"[vc_row][vc_column width=&#8221;1\/2&#8243;][vc_column_text]Icelandic district heating utilities, electricity distribution system operators and waterworks are almost all in public ownership except for HS Veitur which is partly (minority) owned by private parties. All sewage utilities are in public ownership.[\/vc_column_text][\/vc_column][vc_column width=&#8221;1\/2&#8243;][vc_column_text]Most utilities are in municipality ownership and serve one or more municipalities, but some are in state ownership (RARIK-Iceland [&hellip;]\" \/>\n<meta property=\"og:url\" content=\"https:\/\/samorka.tf.loftfar.is\/en\/wastewater\/\" \/>\n<meta property=\"og:site_name\" content=\"Samorka\" \/>\n<meta property=\"article:modified_time\" content=\"2016-08-16T10:54:36+00:00\" \/>\n<meta name=\"twitter:card\" content=\"summary\" \/>\n<script type=\"application\/ld+json\" class=\"yoast-schema-graph\">{\"@context\":\"https:\/\/schema.org\",\"@graph\":[{\"@type\":\"Organization\",\"@id\":\"https:\/\/samorka.tf.loftfar.is\/#organization\",\"name\":\"Samorka\",\"url\":\"https:\/\/samorka.tf.loftfar.is\/\",\"sameAs\":[],\"logo\":{\"@type\":\"ImageObject\",\"@id\":\"https:\/\/samorka.tf.loftfar.is\/#logo\",\"inLanguage\":\"en-US\",\"url\":\"https:\/\/samorka.tf.loftfar.is\/wp-content\/uploads\/2016\/10\/Samorka-an-slogans.png\",\"contentUrl\":\"https:\/\/samorka.tf.loftfar.is\/wp-content\/uploads\/2016\/10\/Samorka-an-slogans.png\",\"width\":842,\"height\":596,\"caption\":\"Samorka\"},\"image\":{\"@id\":\"https:\/\/samorka.tf.loftfar.is\/#logo\"}},{\"@type\":\"WebSite\",\"@id\":\"https:\/\/samorka.tf.loftfar.is\/#website\",\"url\":\"https:\/\/samorka.tf.loftfar.is\/\",\"name\":\"Samorka\",\"description\":\"Samt\\u00f6k orku- og veitufyrirt\\u00e6kja \\u00e1 \\u00cdslandi.\",\"publisher\":{\"@id\":\"https:\/\/samorka.tf.loftfar.is\/#organization\"},\"potentialAction\":[{\"@type\":\"SearchAction\",\"target\":{\"@type\":\"EntryPoint\",\"urlTemplate\":\"https:\/\/samorka.tf.loftfar.is\/?s={search_term_string}\"},\"query-input\":\"required name=search_term_string\"}],\"inLanguage\":\"en-US\"},{\"@type\":\"WebPage\",\"@id\":\"https:\/\/samorka.tf.loftfar.is\/en\/wastewater\/#webpage\",\"url\":\"https:\/\/samorka.tf.loftfar.is\/en\/wastewater\/\",\"name\":\"Wastewater - Samorka\",\"isPartOf\":{\"@id\":\"https:\/\/samorka.tf.loftfar.is\/#website\"},\"datePublished\":\"2016-08-11T15:29:36+00:00\",\"dateModified\":\"2016-08-16T10:54:36+00:00\",\"breadcrumb\":{\"@id\":\"https:\/\/samorka.tf.loftfar.is\/en\/wastewater\/#breadcrumb\"},\"inLanguage\":\"en-US\",\"potentialAction\":[{\"@type\":\"ReadAction\",\"target\":[\"https:\/\/samorka.tf.loftfar.is\/en\/wastewater\/\"]}]},{\"@type\":\"BreadcrumbList\",\"@id\":\"https:\/\/samorka.tf.loftfar.is\/en\/wastewater\/#breadcrumb\",\"itemListElement\":[{\"@type\":\"ListItem\",\"position\":1,\"name\":\"Home\",\"item\":\"https:\/\/samorka.tf.loftfar.is\/en\/\"},{\"@type\":\"ListItem\",\"position\":2,\"name\":\"Wastewater\"}]}]}<\/script>\n<!-- \/ Yoast SEO plugin. -->","yoast_head_json":{"title":"Wastewater - Samorka","robots":{"index":"index","follow":"follow","max-snippet":"max-snippet:-1","max-image-preview":"max-image-preview:large","max-video-preview":"max-video-preview:-1"},"canonical":"https:\/\/samorka.tf.loftfar.is\/en\/wastewater\/","og_locale":"en_US","og_type":"article","og_title":"Wastewater - Samorka","og_description":"[vc_row][vc_column width=&#8221;1\/2&#8243;][vc_column_text]Icelandic district heating utilities, electricity distribution system operators and waterworks are almost all in public ownership except for HS Veitur which is partly (minority) owned by private parties. All sewage utilities are in public ownership.[\/vc_column_text][\/vc_column][vc_column width=&#8221;1\/2&#8243;][vc_column_text]Most utilities are in municipality ownership and serve one or more municipalities, but some are in state ownership (RARIK-Iceland [&hellip;]","og_url":"https:\/\/samorka.tf.loftfar.is\/en\/wastewater\/","og_site_name":"Samorka","article_modified_time":"2016-08-16T10:54:36+00:00","twitter_card":"summary","schema":{"@context":"https:\/\/schema.org","@graph":[{"@type":"Organization","@id":"https:\/\/samorka.tf.loftfar.is\/#organization","name":"Samorka","url":"https:\/\/samorka.tf.loftfar.is\/","sameAs":[],"logo":{"@type":"ImageObject","@id":"https:\/\/samorka.tf.loftfar.is\/#logo","inLanguage":"en-US","url":"https:\/\/samorka.tf.loftfar.is\/wp-content\/uploads\/2016\/10\/Samorka-an-slogans.png","contentUrl":"https:\/\/samorka.tf.loftfar.is\/wp-content\/uploads\/2016\/10\/Samorka-an-slogans.png","width":842,"height":596,"caption":"Samorka"},"image":{"@id":"https:\/\/samorka.tf.loftfar.is\/#logo"}},{"@type":"WebSite","@id":"https:\/\/samorka.tf.loftfar.is\/#website","url":"https:\/\/samorka.tf.loftfar.is\/","name":"Samorka","description":"Samt\u00f6k orku- og veitufyrirt\u00e6kja \u00e1 \u00cdslandi.","publisher":{"@id":"https:\/\/samorka.tf.loftfar.is\/#organization"},"potentialAction":[{"@type":"SearchAction","target":{"@type":"EntryPoint","urlTemplate":"https:\/\/samorka.tf.loftfar.is\/?s={search_term_string}"},"query-input":"required name=search_term_string"}],"inLanguage":"en-US"},{"@type":"WebPage","@id":"https:\/\/samorka.tf.loftfar.is\/en\/wastewater\/#webpage","url":"https:\/\/samorka.tf.loftfar.is\/en\/wastewater\/","name":"Wastewater - Samorka","isPartOf":{"@id":"https:\/\/samorka.tf.loftfar.is\/#website"},"datePublished":"2016-08-11T15:29:36+00:00","dateModified":"2016-08-16T10:54:36+00:00","breadcrumb":{"@id":"https:\/\/samorka.tf.loftfar.is\/en\/wastewater\/#breadcrumb"},"inLanguage":"en-US","potentialAction":[{"@type":"ReadAction","target":["https:\/\/samorka.tf.loftfar.is\/en\/wastewater\/"]}]},{"@type":"BreadcrumbList","@id":"https:\/\/samorka.tf.loftfar.is\/en\/wastewater\/#breadcrumb","itemListElement":[{"@type":"ListItem","position":1,"name":"Home","item":"https:\/\/samorka.tf.loftfar.is\/en\/"},{"@type":"ListItem","position":2,"name":"Wastewater"}]}]}},"_links":{"self":[{"href":"https:\/\/samorka.tf.loftfar.is\/en\/wp-json\/wp\/v2\/pages\/1328"}],"collection":[{"href":"https:\/\/samorka.tf.loftfar.is\/en\/wp-json\/wp\/v2\/pages"}],"about":[{"href":"https:\/\/samorka.tf.loftfar.is\/en\/wp-json\/wp\/v2\/types\/page"}],"author":[{"embeddable":true,"href":"https:\/\/samorka.tf.loftfar.is\/en\/wp-json\/wp\/v2\/users\/2"}],"replies":[{"embeddable":true,"href":"https:\/\/samorka.tf.loftfar.is\/en\/wp-json\/wp\/v2\/comments?post=1328"}],"version-history":[{"count":6,"href":"https:\/\/samorka.tf.loftfar.is\/en\/wp-json\/wp\/v2\/pages\/1328\/revisions"}],"predecessor-version":[{"id":2191,"href":"https:\/\/samorka.tf.loftfar.is\/en\/wp-json\/wp\/v2\/pages\/1328\/revisions\/2191"}],"wp:attachment":[{"href":"https:\/\/samorka.tf.loftfar.is\/en\/wp-json\/wp\/v2\/media?parent=1328"}],"wp:term":[{"taxonomy":"category","embeddable":true,"href":"https:\/\/samorka.tf.loftfar.is\/en\/wp-json\/wp\/v2\/categories?post=1328"},{"taxonomy":"post_tag","embeddable":true,"href":"https:\/\/samorka.tf.loftfar.is\/en\/wp-json\/wp\/v2\/tags?post=1328"}],"curies":[{"name":"wp","href":"https:\/\/api.w.org\/{rel}","templated":true}]}}