{"id":1326,"date":"2016-08-11T15:29:14","date_gmt":"2016-08-11T15:29:14","guid":{"rendered":"http:\/\/samorka.tf.loftfar.is\/en\/?page_id=1326"},"modified":"2016-08-16T10:53:17","modified_gmt":"2016-08-16T10:53:17","slug":"waterworks","status":"publish","type":"page","link":"https:\/\/samorka.tf.loftfar.is\/en\/waterworks\/","title":{"rendered":"Waterworks"},"content":{"rendered":"<p>[vc_row][vc_column width=&#8221;1\/2&#8243;][vc_column_text]The waterworks distribute and sell water intended for consumption.<\/p>\n<p>Since the country is so clean, sparsely populated, and mountainous, pollution of drinking water is hardly known. 25 waterworks are members of Samorka and each belongs to one or several municipalities.[\/vc_column_text][\/vc_column][vc_column width=&#8221;1\/2&#8243;][vc_column_text]Fees imposed for water are either based on real estate evaluation, size of housing, measured use, or a combination of those three variables.[\/vc_column_text][\/vc_column][\/vc_row]<\/p>\n","protected":false},"excerpt":{"rendered":"<p>[vc_row][vc_column width=&#8221;1\/2&#8243;][vc_column_text]The waterworks distribute and sell water intended for consumption. Since the country is so clean, sparsely populated, and mountainous, pollution of drinking water is hardly known. 25 waterworks are members of Samorka and each belongs to one or several municipalities.[\/vc_column_text][\/vc_column][vc_column width=&#8221;1\/2&#8243;][vc_column_text]Fees imposed for water are either based on real estate evaluation, size of housing, [&hellip;]<\/p>\n","protected":false},"author":2,"featured_media":0,"parent":0,"menu_order":0,"comment_status":"closed","ping_status":"closed","template":"template-with-video.php","meta":{"_monsterinsights_skip_tracking":false,"_monsterinsights_sitenote_active":false,"_monsterinsights_sitenote_note":"","_monsterinsights_sitenote_category":0},"categories":[],"tags":[],"yoast_head":"<!-- This site is optimized with the Yoast SEO plugin v17.2 - https:\/\/yoast.com\/wordpress\/plugins\/seo\/ -->\n<title>Waterworks - Samorka<\/title>\n<meta name=\"robots\" content=\"index, follow, max-snippet:-1, max-image-preview:large, max-video-preview:-1\" \/>\n<link rel=\"canonical\" href=\"https:\/\/samorka.tf.loftfar.is\/en\/waterworks\/\" \/>\n<meta property=\"og:locale\" content=\"en_US\" \/>\n<meta property=\"og:type\" content=\"article\" \/>\n<meta property=\"og:title\" content=\"Waterworks - Samorka\" \/>\n<meta property=\"og:description\" content=\"[vc_row][vc_column width=&#8221;1\/2&#8243;][vc_column_text]The waterworks distribute and sell water intended for consumption. Since the country is so clean, sparsely populated, and mountainous, pollution of drinking water is hardly known. 25 waterworks are members of Samorka and each belongs to one or several municipalities.[\/vc_column_text][\/vc_column][vc_column width=&#8221;1\/2&#8243;][vc_column_text]Fees imposed for water are either based on real estate evaluation, size of housing, [&hellip;]\" \/>\n<meta property=\"og:url\" content=\"https:\/\/samorka.tf.loftfar.is\/en\/waterworks\/\" \/>\n<meta property=\"og:site_name\" content=\"Samorka\" \/>\n<meta property=\"article:modified_time\" content=\"2016-08-16T10:53:17+00:00\" \/>\n<meta name=\"twitter:card\" content=\"summary\" \/>\n<script type=\"application\/ld+json\" class=\"yoast-schema-graph\">{\"@context\":\"https:\/\/schema.org\",\"@graph\":[{\"@type\":\"Organization\",\"@id\":\"https:\/\/samorka.tf.loftfar.is\/#organization\",\"name\":\"Samorka\",\"url\":\"https:\/\/samorka.tf.loftfar.is\/\",\"sameAs\":[],\"logo\":{\"@type\":\"ImageObject\",\"@id\":\"https:\/\/samorka.tf.loftfar.is\/#logo\",\"inLanguage\":\"en-US\",\"url\":\"https:\/\/samorka.tf.loftfar.is\/wp-content\/uploads\/2016\/10\/Samorka-an-slogans.png\",\"contentUrl\":\"https:\/\/samorka.tf.loftfar.is\/wp-content\/uploads\/2016\/10\/Samorka-an-slogans.png\",\"width\":842,\"height\":596,\"caption\":\"Samorka\"},\"image\":{\"@id\":\"https:\/\/samorka.tf.loftfar.is\/#logo\"}},{\"@type\":\"WebSite\",\"@id\":\"https:\/\/samorka.tf.loftfar.is\/#website\",\"url\":\"https:\/\/samorka.tf.loftfar.is\/\",\"name\":\"Samorka\",\"description\":\"Samt\\u00f6k orku- og veitufyrirt\\u00e6kja \\u00e1 \\u00cdslandi.\",\"publisher\":{\"@id\":\"https:\/\/samorka.tf.loftfar.is\/#organization\"},\"potentialAction\":[{\"@type\":\"SearchAction\",\"target\":{\"@type\":\"EntryPoint\",\"urlTemplate\":\"https:\/\/samorka.tf.loftfar.is\/?s={search_term_string}\"},\"query-input\":\"required name=search_term_string\"}],\"inLanguage\":\"en-US\"},{\"@type\":\"WebPage\",\"@id\":\"https:\/\/samorka.tf.loftfar.is\/en\/waterworks\/#webpage\",\"url\":\"https:\/\/samorka.tf.loftfar.is\/en\/waterworks\/\",\"name\":\"Waterworks - Samorka\",\"isPartOf\":{\"@id\":\"https:\/\/samorka.tf.loftfar.is\/#website\"},\"datePublished\":\"2016-08-11T15:29:14+00:00\",\"dateModified\":\"2016-08-16T10:53:17+00:00\",\"breadcrumb\":{\"@id\":\"https:\/\/samorka.tf.loftfar.is\/en\/waterworks\/#breadcrumb\"},\"inLanguage\":\"en-US\",\"potentialAction\":[{\"@type\":\"ReadAction\",\"target\":[\"https:\/\/samorka.tf.loftfar.is\/en\/waterworks\/\"]}]},{\"@type\":\"BreadcrumbList\",\"@id\":\"https:\/\/samorka.tf.loftfar.is\/en\/waterworks\/#breadcrumb\",\"itemListElement\":[{\"@type\":\"ListItem\",\"position\":1,\"name\":\"Home\",\"item\":\"https:\/\/samorka.tf.loftfar.is\/en\/\"},{\"@type\":\"ListItem\",\"position\":2,\"name\":\"Waterworks\"}]}]}<\/script>\n<!-- \/ Yoast SEO plugin. -->","yoast_head_json":{"title":"Waterworks - Samorka","robots":{"index":"index","follow":"follow","max-snippet":"max-snippet:-1","max-image-preview":"max-image-preview:large","max-video-preview":"max-video-preview:-1"},"canonical":"https:\/\/samorka.tf.loftfar.is\/en\/waterworks\/","og_locale":"en_US","og_type":"article","og_title":"Waterworks - Samorka","og_description":"[vc_row][vc_column width=&#8221;1\/2&#8243;][vc_column_text]The waterworks distribute and sell water intended for consumption. Since the country is so clean, sparsely populated, and mountainous, pollution of drinking water is hardly known. 25 waterworks are members of Samorka and each belongs to one or several municipalities.[\/vc_column_text][\/vc_column][vc_column width=&#8221;1\/2&#8243;][vc_column_text]Fees imposed for water are either based on real estate evaluation, size of housing, [&hellip;]","og_url":"https:\/\/samorka.tf.loftfar.is\/en\/waterworks\/","og_site_name":"Samorka","article_modified_time":"2016-08-16T10:53:17+00:00","twitter_card":"summary","schema":{"@context":"https:\/\/schema.org","@graph":[{"@type":"Organization","@id":"https:\/\/samorka.tf.loftfar.is\/#organization","name":"Samorka","url":"https:\/\/samorka.tf.loftfar.is\/","sameAs":[],"logo":{"@type":"ImageObject","@id":"https:\/\/samorka.tf.loftfar.is\/#logo","inLanguage":"en-US","url":"https:\/\/samorka.tf.loftfar.is\/wp-content\/uploads\/2016\/10\/Samorka-an-slogans.png","contentUrl":"https:\/\/samorka.tf.loftfar.is\/wp-content\/uploads\/2016\/10\/Samorka-an-slogans.png","width":842,"height":596,"caption":"Samorka"},"image":{"@id":"https:\/\/samorka.tf.loftfar.is\/#logo"}},{"@type":"WebSite","@id":"https:\/\/samorka.tf.loftfar.is\/#website","url":"https:\/\/samorka.tf.loftfar.is\/","name":"Samorka","description":"Samt\u00f6k orku- og veitufyrirt\u00e6kja \u00e1 \u00cdslandi.","publisher":{"@id":"https:\/\/samorka.tf.loftfar.is\/#organization"},"potentialAction":[{"@type":"SearchAction","target":{"@type":"EntryPoint","urlTemplate":"https:\/\/samorka.tf.loftfar.is\/?s={search_term_string}"},"query-input":"required name=search_term_string"}],"inLanguage":"en-US"},{"@type":"WebPage","@id":"https:\/\/samorka.tf.loftfar.is\/en\/waterworks\/#webpage","url":"https:\/\/samorka.tf.loftfar.is\/en\/waterworks\/","name":"Waterworks - Samorka","isPartOf":{"@id":"https:\/\/samorka.tf.loftfar.is\/#website"},"datePublished":"2016-08-11T15:29:14+00:00","dateModified":"2016-08-16T10:53:17+00:00","breadcrumb":{"@id":"https:\/\/samorka.tf.loftfar.is\/en\/waterworks\/#breadcrumb"},"inLanguage":"en-US","potentialAction":[{"@type":"ReadAction","target":["https:\/\/samorka.tf.loftfar.is\/en\/waterworks\/"]}]},{"@type":"BreadcrumbList","@id":"https:\/\/samorka.tf.loftfar.is\/en\/waterworks\/#breadcrumb","itemListElement":[{"@type":"ListItem","position":1,"name":"Home","item":"https:\/\/samorka.tf.loftfar.is\/en\/"},{"@type":"ListItem","position":2,"name":"Waterworks"}]}]}},"_links":{"self":[{"href":"https:\/\/samorka.tf.loftfar.is\/en\/wp-json\/wp\/v2\/pages\/1326"}],"collection":[{"href":"https:\/\/samorka.tf.loftfar.is\/en\/wp-json\/wp\/v2\/pages"}],"about":[{"href":"https:\/\/samorka.tf.loftfar.is\/en\/wp-json\/wp\/v2\/types\/page"}],"author":[{"embeddable":true,"href":"https:\/\/samorka.tf.loftfar.is\/en\/wp-json\/wp\/v2\/users\/2"}],"replies":[{"embeddable":true,"href":"https:\/\/samorka.tf.loftfar.is\/en\/wp-json\/wp\/v2\/comments?post=1326"}],"version-history":[{"count":4,"href":"https:\/\/samorka.tf.loftfar.is\/en\/wp-json\/wp\/v2\/pages\/1326\/revisions"}],"predecessor-version":[{"id":2188,"href":"https:\/\/samorka.tf.loftfar.is\/en\/wp-json\/wp\/v2\/pages\/1326\/revisions\/2188"}],"wp:attachment":[{"href":"https:\/\/samorka.tf.loftfar.is\/en\/wp-json\/wp\/v2\/media?parent=1326"}],"wp:term":[{"taxonomy":"category","embeddable":true,"href":"https:\/\/samorka.tf.loftfar.is\/en\/wp-json\/wp\/v2\/categories?post=1326"},{"taxonomy":"post_tag","embeddable":true,"href":"https:\/\/samorka.tf.loftfar.is\/en\/wp-json\/wp\/v2\/tags?post=1326"}],"curies":[{"name":"wp","href":"https:\/\/api.w.org\/{rel}","templated":true}]}}