{"id":1320,"date":"2016-08-11T15:10:19","date_gmt":"2016-08-11T15:10:19","guid":{"rendered":"http:\/\/samorka.tf.loftfar.is\/en\/?page_id=1320"},"modified":"2020-03-25T09:42:18","modified_gmt":"2020-03-25T09:42:18","slug":"staff","status":"publish","type":"page","link":"https:\/\/samorka.tf.loftfar.is\/en\/staff\/","title":{"rendered":"Staff"},"content":{"rendered":"<p><strong><img loading=\"lazy\" class=\"alignleft wp-image-3266 size-full\" src=\"http:\/\/www.samorka.is\/wp-content\/uploads\/2016\/06\/P\u00e1ll_Erland_heimas\u00ed\u00f0a.jpg\" alt=\"\" width=\"265\" height=\"265\" srcset=\"https:\/\/samorka.tf.loftfar.is\/wp-content\/uploads\/2016\/06\/P\u00e1ll_Erland_heimas\u00ed\u00f0a.jpg 265w, https:\/\/samorka.tf.loftfar.is\/wp-content\/uploads\/2016\/06\/P\u00e1ll_Erland_heimas\u00ed\u00f0a-150x150.jpg 150w\" sizes=\"(max-width: 265px) 100vw, 265px\" \/><\/strong><\/p>\n<p><strong>P\u00e1ll Erland<\/strong><br \/>\nManaging Director<br \/>\npall (at) samorka.is.<br \/>\nMobile: +354 779 6200<\/p>\n<p>&nbsp;<\/p>\n<p>&nbsp;<\/p>\n<p>&nbsp;<\/p>\n<p>&nbsp;<\/p>\n<p>&nbsp;<\/p>\n<p><strong><img loading=\"lazy\" class=\"alignleft size-full wp-image-3265\" src=\"http:\/\/www.samorka.is\/wp-content\/uploads\/2016\/06\/Baldur_Dyrfjord_heimasida.jpg\" alt=\"\" width=\"265\" height=\"265\" srcset=\"https:\/\/samorka.tf.loftfar.is\/wp-content\/uploads\/2016\/06\/Baldur_Dyrfjord_heimasida.jpg 265w, https:\/\/samorka.tf.loftfar.is\/wp-content\/uploads\/2016\/06\/Baldur_Dyrfjord_heimasida-150x150.jpg 150w\" sizes=\"(max-width: 265px) 100vw, 265px\" \/><\/strong><\/p>\n<p>&nbsp;<\/p>\n<p><strong>Baldur D\u00fdrfj\u00f6r\u00f0<\/strong><br \/>\nLawyer<br \/>\nbaldur (at) samorka.is.<br \/>\nMobile: +354 862 1282<\/p>\n<p>&nbsp;<\/p>\n<p>&nbsp;<\/p>\n<p>&nbsp;<\/p>\n<p>&nbsp;<\/p>\n<p><img loading=\"lazy\" class=\"wp-image-5835 alignleft\" src=\"https:\/\/www.samorka.is\/wp-content\/uploads\/2019\/08\/Gy\u00f0a-300x300.png\" alt=\"\" width=\"267\" height=\"267\" srcset=\"https:\/\/samorka.tf.loftfar.is\/wp-content\/uploads\/2019\/08\/Gy\u00f0a-300x300.png 300w, https:\/\/samorka.tf.loftfar.is\/wp-content\/uploads\/2019\/08\/Gy\u00f0a-150x150.png 150w, https:\/\/samorka.tf.loftfar.is\/wp-content\/uploads\/2019\/08\/Gy\u00f0a.png 583w\" sizes=\"(max-width: 267px) 100vw, 267px\" \/><\/p>\n<p>&nbsp;<\/p>\n<p><strong>Gy\u00f0a Mj\u00f6ll Ing\u00f3lfsd\u00f3ttir<\/strong><\/p>\n<p>gyda (at) samorka.is.<br \/>\nMobile: +354 865 5582<\/p>\n<p>&nbsp;<\/p>\n<p>&nbsp;<\/p>\n<p>&nbsp;<\/p>\n<p>&nbsp;<\/p>\n<p>&nbsp;<\/p>\n<p><strong><img loading=\"lazy\" class=\"wp-image-5833  alignleft\" src=\"https:\/\/www.samorka.is\/wp-content\/uploads\/2019\/08\/Ingvar-300x300.png\" alt=\"\" width=\"267\" height=\"267\" srcset=\"https:\/\/samorka.tf.loftfar.is\/wp-content\/uploads\/2019\/08\/Ingvar-300x300.png 300w, https:\/\/samorka.tf.loftfar.is\/wp-content\/uploads\/2019\/08\/Ingvar-150x150.png 150w, https:\/\/samorka.tf.loftfar.is\/wp-content\/uploads\/2019\/08\/Ingvar.png 583w\" sizes=\"(max-width: 267px) 100vw, 267px\" \/><\/strong><\/p>\n<p>&nbsp;<\/p>\n<p><strong>Ingvar Freyr Ingvarsson<\/strong><br \/>\nEconomist<br \/>\ningvar (at) samorka.is.<br \/>\nMobile: +354 847 9387<\/p>\n<p>&nbsp;<\/p>\n<p>&nbsp;<\/p>\n<p>&nbsp;<\/p>\n<p>&nbsp;<\/p>\n<p><strong><img loading=\"lazy\" class=\"size-full wp-image-2284 alignleft\" src=\"http:\/\/www.samorka.is\/wp-content\/uploads\/2016\/06\/Lov\u00edsa_\u00c1rnad\u00f3ttir_2016.jpg\" alt=\"Lov\u00edsa_\u00c1rnad\u00f3ttir_2016\" width=\"265\" height=\"265\" srcset=\"https:\/\/samorka.tf.loftfar.is\/wp-content\/uploads\/2016\/06\/Lov\u00edsa_\u00c1rnad\u00f3ttir_2016.jpg 265w, https:\/\/samorka.tf.loftfar.is\/wp-content\/uploads\/2016\/06\/Lov\u00edsa_\u00c1rnad\u00f3ttir_2016-150x150.jpg 150w\" sizes=\"(max-width: 265px) 100vw, 265px\" \/><\/strong><\/p>\n<p>&nbsp;<\/p>\n<p><strong>Lov\u00edsa \u00c1rnad\u00f3ttir<\/strong><br \/>\nCommunications and Media<br \/>\nlovisa (at) samorka.is.<br \/>\nMobile: +354 698 7568<\/p>\n<p>&nbsp;<\/p>\n<p>&nbsp;<\/p>\n<p>&nbsp;<\/p>\n<p>&nbsp;<\/p>\n<p>&nbsp;<\/p>\n<p><strong><img loading=\"lazy\" class=\"size-full wp-image-2286 alignleft\" src=\"http:\/\/www.samorka.is\/wp-content\/uploads\/2016\/06\/Sigurj\u00f3n_Norberg_Kj\u00e6rnested_2016.jpg\" alt=\"Sigurj\u00f3n_Norberg_Kj\u00e6rnested_2016\" width=\"265\" height=\"265\" srcset=\"https:\/\/samorka.tf.loftfar.is\/wp-content\/uploads\/2016\/06\/Sigurj\u00f3n_Norberg_Kj\u00e6rnested_2016.jpg 265w, https:\/\/samorka.tf.loftfar.is\/wp-content\/uploads\/2016\/06\/Sigurj\u00f3n_Norberg_Kj\u00e6rnested_2016-150x150.jpg 150w\" sizes=\"(max-width: 265px) 100vw, 265px\" \/><\/strong><\/p>\n<p>&nbsp;<\/p>\n<p><strong>Sigurj\u00f3n N. Kj\u00e6rnested<\/strong><br \/>\nWaterworks, District Heating and Sewage Utilities<br \/>\nsigurjon (at) samorka.is.<br \/>\nMobile: +354 783 8114<\/p>\n","protected":false},"excerpt":{"rendered":"<p>P\u00e1ll Erland Managing Director pall (at) samorka.is. Mobile: +354 779 6200 &nbsp; &nbsp; &nbsp; &nbsp; &nbsp; &nbsp; Baldur D\u00fdrfj\u00f6r\u00f0 Lawyer baldur (at) samorka.is. Mobile: +354 862 1282 &nbsp; &nbsp; &nbsp; &nbsp; &nbsp; Gy\u00f0a Mj\u00f6ll Ing\u00f3lfsd\u00f3ttir gyda (at) samorka.is. Mobile: +354 865 5582 &nbsp; &nbsp; &nbsp; &nbsp; &nbsp; &nbsp; Ingvar Freyr Ingvarsson Economist ingvar (at) samorka.is. [&hellip;]<\/p>\n","protected":false},"author":2,"featured_media":0,"parent":0,"menu_order":2,"comment_status":"closed","ping_status":"closed","template":"","meta":{"_monsterinsights_skip_tracking":false,"_monsterinsights_sitenote_active":false,"_monsterinsights_sitenote_note":"","_monsterinsights_sitenote_category":0},"categories":[],"tags":[],"yoast_head":"<!-- This site is optimized with the Yoast SEO plugin v17.2 - https:\/\/yoast.com\/wordpress\/plugins\/seo\/ -->\n<title>Staff - Samorka<\/title>\n<meta name=\"robots\" content=\"index, follow, max-snippet:-1, max-image-preview:large, max-video-preview:-1\" \/>\n<link rel=\"canonical\" href=\"https:\/\/samorka.tf.loftfar.is\/en\/staff\/\" \/>\n<meta property=\"og:locale\" content=\"en_US\" \/>\n<meta property=\"og:type\" content=\"article\" \/>\n<meta property=\"og:title\" content=\"Staff - Samorka\" \/>\n<meta property=\"og:description\" content=\"P\u00e1ll Erland Managing Director pall (at) samorka.is. Mobile: +354 779 6200 &nbsp; &nbsp; &nbsp; &nbsp; &nbsp; &nbsp; Baldur D\u00fdrfj\u00f6r\u00f0 Lawyer baldur (at) samorka.is. Mobile: +354 862 1282 &nbsp; &nbsp; &nbsp; &nbsp; &nbsp; Gy\u00f0a Mj\u00f6ll Ing\u00f3lfsd\u00f3ttir gyda (at) samorka.is. Mobile: +354 865 5582 &nbsp; &nbsp; &nbsp; &nbsp; &nbsp; &nbsp; Ingvar Freyr Ingvarsson Economist ingvar (at) samorka.is. [&hellip;]\" \/>\n<meta property=\"og:url\" content=\"https:\/\/samorka.tf.loftfar.is\/en\/staff\/\" \/>\n<meta property=\"og:site_name\" content=\"Samorka\" \/>\n<meta property=\"article:modified_time\" content=\"2020-03-25T09:42:18+00:00\" \/>\n<meta property=\"og:image\" content=\"http:\/\/www.samorka.is\/wp-content\/uploads\/2016\/06\/P\u00e1ll_Erland_heimas\u00ed\u00f0a.jpg\" \/>\n<meta name=\"twitter:card\" content=\"summary\" \/>\n<script type=\"application\/ld+json\" class=\"yoast-schema-graph\">{\"@context\":\"https:\/\/schema.org\",\"@graph\":[{\"@type\":\"Organization\",\"@id\":\"https:\/\/samorka.tf.loftfar.is\/#organization\",\"name\":\"Samorka\",\"url\":\"https:\/\/samorka.tf.loftfar.is\/\",\"sameAs\":[],\"logo\":{\"@type\":\"ImageObject\",\"@id\":\"https:\/\/samorka.tf.loftfar.is\/#logo\",\"inLanguage\":\"en-US\",\"url\":\"https:\/\/samorka.tf.loftfar.is\/wp-content\/uploads\/2016\/10\/Samorka-an-slogans.png\",\"contentUrl\":\"https:\/\/samorka.tf.loftfar.is\/wp-content\/uploads\/2016\/10\/Samorka-an-slogans.png\",\"width\":842,\"height\":596,\"caption\":\"Samorka\"},\"image\":{\"@id\":\"https:\/\/samorka.tf.loftfar.is\/#logo\"}},{\"@type\":\"WebSite\",\"@id\":\"https:\/\/samorka.tf.loftfar.is\/#website\",\"url\":\"https:\/\/samorka.tf.loftfar.is\/\",\"name\":\"Samorka\",\"description\":\"Samt\\u00f6k orku- og veitufyrirt\\u00e6kja \\u00e1 \\u00cdslandi.\",\"publisher\":{\"@id\":\"https:\/\/samorka.tf.loftfar.is\/#organization\"},\"potentialAction\":[{\"@type\":\"SearchAction\",\"target\":{\"@type\":\"EntryPoint\",\"urlTemplate\":\"https:\/\/samorka.tf.loftfar.is\/?s={search_term_string}\"},\"query-input\":\"required name=search_term_string\"}],\"inLanguage\":\"en-US\"},{\"@type\":\"ImageObject\",\"@id\":\"https:\/\/samorka.tf.loftfar.is\/en\/staff\/#primaryimage\",\"inLanguage\":\"en-US\",\"url\":\"http:\/\/www.samorka.is\/wp-content\/uploads\/2016\/06\/P\\u00e1ll_Erland_heimas\\u00ed\\u00f0a.jpg\",\"contentUrl\":\"http:\/\/www.samorka.is\/wp-content\/uploads\/2016\/06\/P\\u00e1ll_Erland_heimas\\u00ed\\u00f0a.jpg\"},{\"@type\":\"WebPage\",\"@id\":\"https:\/\/samorka.tf.loftfar.is\/en\/staff\/#webpage\",\"url\":\"https:\/\/samorka.tf.loftfar.is\/en\/staff\/\",\"name\":\"Staff - Samorka\",\"isPartOf\":{\"@id\":\"https:\/\/samorka.tf.loftfar.is\/#website\"},\"primaryImageOfPage\":{\"@id\":\"https:\/\/samorka.tf.loftfar.is\/en\/staff\/#primaryimage\"},\"datePublished\":\"2016-08-11T15:10:19+00:00\",\"dateModified\":\"2020-03-25T09:42:18+00:00\",\"breadcrumb\":{\"@id\":\"https:\/\/samorka.tf.loftfar.is\/en\/staff\/#breadcrumb\"},\"inLanguage\":\"en-US\",\"potentialAction\":[{\"@type\":\"ReadAction\",\"target\":[\"https:\/\/samorka.tf.loftfar.is\/en\/staff\/\"]}]},{\"@type\":\"BreadcrumbList\",\"@id\":\"https:\/\/samorka.tf.loftfar.is\/en\/staff\/#breadcrumb\",\"itemListElement\":[{\"@type\":\"ListItem\",\"position\":1,\"name\":\"Home\",\"item\":\"https:\/\/samorka.tf.loftfar.is\/en\/\"},{\"@type\":\"ListItem\",\"position\":2,\"name\":\"Staff\"}]}]}<\/script>\n<!-- \/ Yoast SEO plugin. -->","yoast_head_json":{"title":"Staff - Samorka","robots":{"index":"index","follow":"follow","max-snippet":"max-snippet:-1","max-image-preview":"max-image-preview:large","max-video-preview":"max-video-preview:-1"},"canonical":"https:\/\/samorka.tf.loftfar.is\/en\/staff\/","og_locale":"en_US","og_type":"article","og_title":"Staff - Samorka","og_description":"P\u00e1ll Erland Managing Director pall (at) samorka.is. Mobile: +354 779 6200 &nbsp; &nbsp; &nbsp; &nbsp; &nbsp; &nbsp; Baldur D\u00fdrfj\u00f6r\u00f0 Lawyer baldur (at) samorka.is. Mobile: +354 862 1282 &nbsp; &nbsp; &nbsp; &nbsp; &nbsp; Gy\u00f0a Mj\u00f6ll Ing\u00f3lfsd\u00f3ttir gyda (at) samorka.is. Mobile: +354 865 5582 &nbsp; &nbsp; &nbsp; &nbsp; &nbsp; &nbsp; Ingvar Freyr Ingvarsson Economist ingvar (at) samorka.is. [&hellip;]","og_url":"https:\/\/samorka.tf.loftfar.is\/en\/staff\/","og_site_name":"Samorka","article_modified_time":"2020-03-25T09:42:18+00:00","og_image":[{"url":"http:\/\/www.samorka.is\/wp-content\/uploads\/2016\/06\/P\u00e1ll_Erland_heimas\u00ed\u00f0a.jpg"}],"twitter_card":"summary","schema":{"@context":"https:\/\/schema.org","@graph":[{"@type":"Organization","@id":"https:\/\/samorka.tf.loftfar.is\/#organization","name":"Samorka","url":"https:\/\/samorka.tf.loftfar.is\/","sameAs":[],"logo":{"@type":"ImageObject","@id":"https:\/\/samorka.tf.loftfar.is\/#logo","inLanguage":"en-US","url":"https:\/\/samorka.tf.loftfar.is\/wp-content\/uploads\/2016\/10\/Samorka-an-slogans.png","contentUrl":"https:\/\/samorka.tf.loftfar.is\/wp-content\/uploads\/2016\/10\/Samorka-an-slogans.png","width":842,"height":596,"caption":"Samorka"},"image":{"@id":"https:\/\/samorka.tf.loftfar.is\/#logo"}},{"@type":"WebSite","@id":"https:\/\/samorka.tf.loftfar.is\/#website","url":"https:\/\/samorka.tf.loftfar.is\/","name":"Samorka","description":"Samt\u00f6k orku- og veitufyrirt\u00e6kja \u00e1 \u00cdslandi.","publisher":{"@id":"https:\/\/samorka.tf.loftfar.is\/#organization"},"potentialAction":[{"@type":"SearchAction","target":{"@type":"EntryPoint","urlTemplate":"https:\/\/samorka.tf.loftfar.is\/?s={search_term_string}"},"query-input":"required name=search_term_string"}],"inLanguage":"en-US"},{"@type":"ImageObject","@id":"https:\/\/samorka.tf.loftfar.is\/en\/staff\/#primaryimage","inLanguage":"en-US","url":"http:\/\/www.samorka.is\/wp-content\/uploads\/2016\/06\/P\u00e1ll_Erland_heimas\u00ed\u00f0a.jpg","contentUrl":"http:\/\/www.samorka.is\/wp-content\/uploads\/2016\/06\/P\u00e1ll_Erland_heimas\u00ed\u00f0a.jpg"},{"@type":"WebPage","@id":"https:\/\/samorka.tf.loftfar.is\/en\/staff\/#webpage","url":"https:\/\/samorka.tf.loftfar.is\/en\/staff\/","name":"Staff - Samorka","isPartOf":{"@id":"https:\/\/samorka.tf.loftfar.is\/#website"},"primaryImageOfPage":{"@id":"https:\/\/samorka.tf.loftfar.is\/en\/staff\/#primaryimage"},"datePublished":"2016-08-11T15:10:19+00:00","dateModified":"2020-03-25T09:42:18+00:00","breadcrumb":{"@id":"https:\/\/samorka.tf.loftfar.is\/en\/staff\/#breadcrumb"},"inLanguage":"en-US","potentialAction":[{"@type":"ReadAction","target":["https:\/\/samorka.tf.loftfar.is\/en\/staff\/"]}]},{"@type":"BreadcrumbList","@id":"https:\/\/samorka.tf.loftfar.is\/en\/staff\/#breadcrumb","itemListElement":[{"@type":"ListItem","position":1,"name":"Home","item":"https:\/\/samorka.tf.loftfar.is\/en\/"},{"@type":"ListItem","position":2,"name":"Staff"}]}]}},"_links":{"self":[{"href":"https:\/\/samorka.tf.loftfar.is\/en\/wp-json\/wp\/v2\/pages\/1320"}],"collection":[{"href":"https:\/\/samorka.tf.loftfar.is\/en\/wp-json\/wp\/v2\/pages"}],"about":[{"href":"https:\/\/samorka.tf.loftfar.is\/en\/wp-json\/wp\/v2\/types\/page"}],"author":[{"embeddable":true,"href":"https:\/\/samorka.tf.loftfar.is\/en\/wp-json\/wp\/v2\/users\/2"}],"replies":[{"embeddable":true,"href":"https:\/\/samorka.tf.loftfar.is\/en\/wp-json\/wp\/v2\/comments?post=1320"}],"version-history":[{"count":15,"href":"https:\/\/samorka.tf.loftfar.is\/en\/wp-json\/wp\/v2\/pages\/1320\/revisions"}],"predecessor-version":[{"id":6355,"href":"https:\/\/samorka.tf.loftfar.is\/en\/wp-json\/wp\/v2\/pages\/1320\/revisions\/6355"}],"wp:attachment":[{"href":"https:\/\/samorka.tf.loftfar.is\/en\/wp-json\/wp\/v2\/media?parent=1320"}],"wp:term":[{"taxonomy":"category","embeddable":true,"href":"https:\/\/samorka.tf.loftfar.is\/en\/wp-json\/wp\/v2\/categories?post=1320"},{"taxonomy":"post_tag","embeddable":true,"href":"https:\/\/samorka.tf.loftfar.is\/en\/wp-json\/wp\/v2\/tags?post=1320"}],"curies":[{"name":"wp","href":"https:\/\/api.w.org\/{rel}","templated":true}]}}