{"id":1318,"date":"2016-08-11T15:04:00","date_gmt":"2016-08-11T15:04:00","guid":{"rendered":"http:\/\/samorka.tf.loftfar.is\/en\/?page_id=1318"},"modified":"2018-01-23T10:08:48","modified_gmt":"2018-01-23T10:08:48","slug":"about-samorka","status":"publish","type":"page","link":"https:\/\/samorka.tf.loftfar.is\/en\/about-samorka\/","title":{"rendered":"About Samorka"},"content":{"rendered":"<div class=\"page\" title=\"Page 9\">\n<div class=\"section\">\n<div class=\"layoutArea\">\n<div class=\"column\">\n<p>Samorka is the association of the Icelandic electricity industry, district heatings, waterworks and sewage utilities in Iceland. The federation was founded in 1995 when the Federation of Icelandic Electric-works and the Federation of Icelandic District Heatings and Waterworks merged. All district heating services and electric-works in the country are members of this federation, in addition to most waterworks and sewage utilities. Samorka operates in the four fields mentioned above.<\/p>\n<p>Among the purposes and tasks of the federation are forwarding the mutual interests of its members, guarding their interests in mutual projects, fostering research and gathering information for its members as well as for public authorities, hosting seminars and conferences and acting on behalf of the members in mutual projects.<\/p>\n<p>Currently, Samorka has five full-time <a href=\"http:\/\/www.samorka.is\/en\/staff\/\">employees<\/a>.<\/p>\n<p>&nbsp;<\/p>\n<\/div>\n<\/div>\n<\/div>\n<\/div>\n","protected":false},"excerpt":{"rendered":"<p>Samorka is the association of the Icelandic electricity industry, district heatings, waterworks and sewage utilities in Iceland. The federation was founded in 1995 when the Federation of Icelandic Electric-works and the Federation of Icelandic District Heatings and Waterworks merged. All district heating services and electric-works in the country are members of this federation, in addition [&hellip;]<\/p>\n","protected":false},"author":2,"featured_media":0,"parent":0,"menu_order":1,"comment_status":"closed","ping_status":"closed","template":"","meta":{"_monsterinsights_skip_tracking":false,"_monsterinsights_sitenote_active":false,"_monsterinsights_sitenote_note":"","_monsterinsights_sitenote_category":0},"categories":[],"tags":[],"yoast_head":"<!-- This site is optimized with the Yoast SEO plugin v17.2 - https:\/\/yoast.com\/wordpress\/plugins\/seo\/ -->\n<title>About Samorka - Samorka<\/title>\n<meta name=\"robots\" content=\"index, follow, max-snippet:-1, max-image-preview:large, max-video-preview:-1\" \/>\n<link rel=\"canonical\" href=\"https:\/\/samorka.tf.loftfar.is\/en\/about-samorka\/\" \/>\n<meta property=\"og:locale\" content=\"en_US\" \/>\n<meta property=\"og:type\" content=\"article\" \/>\n<meta property=\"og:title\" content=\"About Samorka - Samorka\" \/>\n<meta property=\"og:description\" content=\"Samorka is the association of the Icelandic electricity industry, district heatings, waterworks and sewage utilities in Iceland. The federation was founded in 1995 when the Federation of Icelandic Electric-works and the Federation of Icelandic District Heatings and Waterworks merged. All district heating services and electric-works in the country are members of this federation, in addition [&hellip;]\" \/>\n<meta property=\"og:url\" content=\"https:\/\/samorka.tf.loftfar.is\/en\/about-samorka\/\" \/>\n<meta property=\"og:site_name\" content=\"Samorka\" \/>\n<meta property=\"article:modified_time\" content=\"2018-01-23T10:08:48+00:00\" \/>\n<meta name=\"twitter:card\" content=\"summary\" \/>\n<meta name=\"twitter:label1\" content=\"Est. reading time\" \/>\n\t<meta name=\"twitter:data1\" content=\"1 minute\" \/>\n<script type=\"application\/ld+json\" class=\"yoast-schema-graph\">{\"@context\":\"https:\/\/schema.org\",\"@graph\":[{\"@type\":\"Organization\",\"@id\":\"https:\/\/samorka.tf.loftfar.is\/#organization\",\"name\":\"Samorka\",\"url\":\"https:\/\/samorka.tf.loftfar.is\/\",\"sameAs\":[],\"logo\":{\"@type\":\"ImageObject\",\"@id\":\"https:\/\/samorka.tf.loftfar.is\/#logo\",\"inLanguage\":\"en-US\",\"url\":\"https:\/\/samorka.tf.loftfar.is\/wp-content\/uploads\/2016\/10\/Samorka-an-slogans.png\",\"contentUrl\":\"https:\/\/samorka.tf.loftfar.is\/wp-content\/uploads\/2016\/10\/Samorka-an-slogans.png\",\"width\":842,\"height\":596,\"caption\":\"Samorka\"},\"image\":{\"@id\":\"https:\/\/samorka.tf.loftfar.is\/#logo\"}},{\"@type\":\"WebSite\",\"@id\":\"https:\/\/samorka.tf.loftfar.is\/#website\",\"url\":\"https:\/\/samorka.tf.loftfar.is\/\",\"name\":\"Samorka\",\"description\":\"Samt\\u00f6k orku- og veitufyrirt\\u00e6kja \\u00e1 \\u00cdslandi.\",\"publisher\":{\"@id\":\"https:\/\/samorka.tf.loftfar.is\/#organization\"},\"potentialAction\":[{\"@type\":\"SearchAction\",\"target\":{\"@type\":\"EntryPoint\",\"urlTemplate\":\"https:\/\/samorka.tf.loftfar.is\/?s={search_term_string}\"},\"query-input\":\"required name=search_term_string\"}],\"inLanguage\":\"en-US\"},{\"@type\":\"WebPage\",\"@id\":\"https:\/\/samorka.tf.loftfar.is\/en\/about-samorka\/#webpage\",\"url\":\"https:\/\/samorka.tf.loftfar.is\/en\/about-samorka\/\",\"name\":\"About Samorka - Samorka\",\"isPartOf\":{\"@id\":\"https:\/\/samorka.tf.loftfar.is\/#website\"},\"datePublished\":\"2016-08-11T15:04:00+00:00\",\"dateModified\":\"2018-01-23T10:08:48+00:00\",\"breadcrumb\":{\"@id\":\"https:\/\/samorka.tf.loftfar.is\/en\/about-samorka\/#breadcrumb\"},\"inLanguage\":\"en-US\",\"potentialAction\":[{\"@type\":\"ReadAction\",\"target\":[\"https:\/\/samorka.tf.loftfar.is\/en\/about-samorka\/\"]}]},{\"@type\":\"BreadcrumbList\",\"@id\":\"https:\/\/samorka.tf.loftfar.is\/en\/about-samorka\/#breadcrumb\",\"itemListElement\":[{\"@type\":\"ListItem\",\"position\":1,\"name\":\"Home\",\"item\":\"https:\/\/samorka.tf.loftfar.is\/en\/\"},{\"@type\":\"ListItem\",\"position\":2,\"name\":\"About Samorka\"}]}]}<\/script>\n<!-- \/ Yoast SEO plugin. -->","yoast_head_json":{"title":"About Samorka - Samorka","robots":{"index":"index","follow":"follow","max-snippet":"max-snippet:-1","max-image-preview":"max-image-preview:large","max-video-preview":"max-video-preview:-1"},"canonical":"https:\/\/samorka.tf.loftfar.is\/en\/about-samorka\/","og_locale":"en_US","og_type":"article","og_title":"About Samorka - Samorka","og_description":"Samorka is the association of the Icelandic electricity industry, district heatings, waterworks and sewage utilities in Iceland. The federation was founded in 1995 when the Federation of Icelandic Electric-works and the Federation of Icelandic District Heatings and Waterworks merged. All district heating services and electric-works in the country are members of this federation, in addition [&hellip;]","og_url":"https:\/\/samorka.tf.loftfar.is\/en\/about-samorka\/","og_site_name":"Samorka","article_modified_time":"2018-01-23T10:08:48+00:00","twitter_card":"summary","twitter_misc":{"Est. reading time":"1 minute"},"schema":{"@context":"https:\/\/schema.org","@graph":[{"@type":"Organization","@id":"https:\/\/samorka.tf.loftfar.is\/#organization","name":"Samorka","url":"https:\/\/samorka.tf.loftfar.is\/","sameAs":[],"logo":{"@type":"ImageObject","@id":"https:\/\/samorka.tf.loftfar.is\/#logo","inLanguage":"en-US","url":"https:\/\/samorka.tf.loftfar.is\/wp-content\/uploads\/2016\/10\/Samorka-an-slogans.png","contentUrl":"https:\/\/samorka.tf.loftfar.is\/wp-content\/uploads\/2016\/10\/Samorka-an-slogans.png","width":842,"height":596,"caption":"Samorka"},"image":{"@id":"https:\/\/samorka.tf.loftfar.is\/#logo"}},{"@type":"WebSite","@id":"https:\/\/samorka.tf.loftfar.is\/#website","url":"https:\/\/samorka.tf.loftfar.is\/","name":"Samorka","description":"Samt\u00f6k orku- og veitufyrirt\u00e6kja \u00e1 \u00cdslandi.","publisher":{"@id":"https:\/\/samorka.tf.loftfar.is\/#organization"},"potentialAction":[{"@type":"SearchAction","target":{"@type":"EntryPoint","urlTemplate":"https:\/\/samorka.tf.loftfar.is\/?s={search_term_string}"},"query-input":"required name=search_term_string"}],"inLanguage":"en-US"},{"@type":"WebPage","@id":"https:\/\/samorka.tf.loftfar.is\/en\/about-samorka\/#webpage","url":"https:\/\/samorka.tf.loftfar.is\/en\/about-samorka\/","name":"About Samorka - Samorka","isPartOf":{"@id":"https:\/\/samorka.tf.loftfar.is\/#website"},"datePublished":"2016-08-11T15:04:00+00:00","dateModified":"2018-01-23T10:08:48+00:00","breadcrumb":{"@id":"https:\/\/samorka.tf.loftfar.is\/en\/about-samorka\/#breadcrumb"},"inLanguage":"en-US","potentialAction":[{"@type":"ReadAction","target":["https:\/\/samorka.tf.loftfar.is\/en\/about-samorka\/"]}]},{"@type":"BreadcrumbList","@id":"https:\/\/samorka.tf.loftfar.is\/en\/about-samorka\/#breadcrumb","itemListElement":[{"@type":"ListItem","position":1,"name":"Home","item":"https:\/\/samorka.tf.loftfar.is\/en\/"},{"@type":"ListItem","position":2,"name":"About Samorka"}]}]}},"_links":{"self":[{"href":"https:\/\/samorka.tf.loftfar.is\/en\/wp-json\/wp\/v2\/pages\/1318"}],"collection":[{"href":"https:\/\/samorka.tf.loftfar.is\/en\/wp-json\/wp\/v2\/pages"}],"about":[{"href":"https:\/\/samorka.tf.loftfar.is\/en\/wp-json\/wp\/v2\/types\/page"}],"author":[{"embeddable":true,"href":"https:\/\/samorka.tf.loftfar.is\/en\/wp-json\/wp\/v2\/users\/2"}],"replies":[{"embeddable":true,"href":"https:\/\/samorka.tf.loftfar.is\/en\/wp-json\/wp\/v2\/comments?post=1318"}],"version-history":[{"count":5,"href":"https:\/\/samorka.tf.loftfar.is\/en\/wp-json\/wp\/v2\/pages\/1318\/revisions"}],"predecessor-version":[{"id":3704,"href":"https:\/\/samorka.tf.loftfar.is\/en\/wp-json\/wp\/v2\/pages\/1318\/revisions\/3704"}],"wp:attachment":[{"href":"https:\/\/samorka.tf.loftfar.is\/en\/wp-json\/wp\/v2\/media?parent=1318"}],"wp:term":[{"taxonomy":"category","embeddable":true,"href":"https:\/\/samorka.tf.loftfar.is\/en\/wp-json\/wp\/v2\/categories?post=1318"},{"taxonomy":"post_tag","embeddable":true,"href":"https:\/\/samorka.tf.loftfar.is\/en\/wp-json\/wp\/v2\/tags?post=1318"}],"curies":[{"name":"wp","href":"https:\/\/api.w.org\/{rel}","templated":true}]}}